{"id":268,"date":"2025-02-16T21:40:46","date_gmt":"2025-02-16T20:40:46","guid":{"rendered":"https:\/\/iturria.life\/?page_id=268"},"modified":"2025-02-16T21:40:46","modified_gmt":"2025-02-16T20:40:46","slug":"nutzungsbedingungen","status":"publish","type":"page","link":"https:\/\/iturria.life\/ru\/nutzungsbedingungen\/","title":{"rendered":"Nutzungsbedingungen"},"content":{"rendered":"\n<p><strong>1. Geltungsbereich<\/strong><br>Diese Nutzungsbedingungen regeln die Nutzung der Webseite <strong>Iturria.life<\/strong>. Mit dem Zugriff auf die Webseite erkl\u00e4ren Sie sich mit diesen Bedingungen einverstanden. Falls Sie diesen nicht zustimmen, ist die Nutzung der Webseite nicht gestattet.<\/p>\n\n\n\n<p><strong>2. Inhalte und Verantwortung<\/strong><br>Die auf Iturria.life bereitgestellten Inhalte dienen allgemeinen Informationszwecken und spiegeln die Ansichten der jeweiligen Autoren wider. Die Webseite wird von mehreren Autoren betrieben, die eigenverantwortlich f\u00fcr ihre Inhalte sind. Der Betreiber der Webseite \u00fcbernimmt keine Haftung f\u00fcr die Richtigkeit, Vollst\u00e4ndigkeit oder Aktualit\u00e4t der bereitgestellten Inhalte.<\/p>\n\n\n\n<p><strong>3. Externe Links<\/strong><br>Unsere Webseite kann Links zu externen Webseiten enthalten, auf deren Inhalte wir keinen Einfluss haben. Daher \u00fcbernehmen wir keine Gew\u00e4hr f\u00fcr deren Richtigkeit oder Sicherheit. Die Verantwortung f\u00fcr verlinkte Inhalte liegt bei den jeweiligen Anbietern.<\/p>\n\n\n\n<p><strong>4. Nutzerverhalten<\/strong><br>Nutzer verpflichten sich, die Webseite nicht f\u00fcr rechtswidrige Zwecke zu verwenden, keine beleidigenden oder irref\u00fchrenden Inhalte zu verbreiten und die technische Integrit\u00e4t der Seite nicht zu beeintr\u00e4chtigen.<\/p>\n\n\n\n<p><strong>5. Urheberrecht<\/strong><br>Alle auf Iturria.life ver\u00f6ffentlichten Inhalte unterliegen dem Urheberrecht. Die Vervielf\u00e4ltigung, Bearbeitung oder Verbreitung ohne ausdr\u00fcckliche Genehmigung ist nicht gestattet.<\/p>\n\n\n\n<p><strong>6. Haftungsbeschr\u00e4nkung<\/strong><br>Wir haften nicht f\u00fcr direkte oder indirekte Sch\u00e4den, die durch die Nutzung der Webseite entstehen. Dies gilt insbesondere f\u00fcr technische Ausf\u00e4lle oder fehlerhafte Informationen. Da die Webseite von mehreren Autoren betrieben wird, liegt die Verantwortung f\u00fcr die jeweiligen Texte und Inhalte bei den jeweiligen Autoren selbst.<\/p>\n\n\n\n<p><strong>7. \u00c4nderungen der Nutzungsbedingungen<\/strong><br>Wir behalten uns das Recht vor, diese Nutzungsbedingungen jederzeit zu \u00e4ndern. Die aktuelle Version ist stets auf der Webseite einsehbar.<\/p>\n\n\n\n<p><strong>8. Schlussbestimmungen<\/strong><br>Sollten einzelne Bestimmungen dieser Nutzungsbedingungen unwirksam sein, bleibt die G\u00fcltigkeit der \u00fcbrigen Regelungen unber\u00fchrt. Es gilt das Recht des Landes, in dem der Betreiber von Iturria.life ans\u00e4ssig ist.<\/p>\n\n\n\n<p>Letzte Aktualisierung: Februar 2025<\/p>\n","protected":false},"excerpt":{"rendered":"<p>1. GeltungsbereichDiese Nutzungsbedingungen regeln die Nutzung der Webseite Iturria.life. Mit dem Zugriff auf die Webseite erkl\u00e4ren Sie sich mit diesen Bedingungen einverstanden. Falls Sie diesen nicht zustimmen, ist die Nutzung der Webseite nicht gestattet. 2. Inhalte und VerantwortungDie auf Iturria.life bereitgestellten Inhalte dienen allgemeinen Informationszwecken und spiegeln die Ansichten der jeweiligen Autoren wider. Die Webseite wird von mehreren Autoren betrieben, [&hellip;]<\/p>\n","protected":false},"author":1,"featured_media":0,"parent":0,"menu_order":0,"comment_status":"closed","ping_status":"closed","template":"","meta":{"_eb_attr":"","footnotes":""},"class_list":["post-268","page","type-page","status-publish","hentry"],"yoast_head":"<!-- This site is optimized with the Yoast SEO plugin v24.5 - https:\/\/yoast.com\/wordpress\/plugins\/seo\/ -->\n<title>Nutzungsbedingungen - iturria.life<\/title>\n<meta name=\"robots\" content=\"index, follow, max-snippet:-1, max-image-preview:large, max-video-preview:-1\" \/>\n<link rel=\"canonical\" href=\"https:\/\/iturria.life\/ru\/nutzungsbedingungen\/\" \/>\n<meta property=\"og:locale\" content=\"en_US\" \/>\n<meta property=\"og:locale:alternate\" content=\"en_US\" \/>\n<meta property=\"og:locale:alternate\" content=\"de_DE\" \/>\n<meta property=\"og:type\" content=\"article\" \/>\n<meta property=\"og:title\" content=\"Nutzungsbedingungen - iturria.life\" \/>\n<meta property=\"og:description\" content=\"1. GeltungsbereichDiese Nutzungsbedingungen regeln die Nutzung der Webseite Iturria.life. Mit dem Zugriff auf die Webseite erkl\u00e4ren Sie sich mit diesen Bedingungen einverstanden. Falls Sie diesen nicht zustimmen, ist die Nutzung der Webseite nicht gestattet. 2. Inhalte und VerantwortungDie auf Iturria.life bereitgestellten Inhalte dienen allgemeinen Informationszwecken und spiegeln die Ansichten der jeweiligen Autoren wider. Die Webseite wird von mehreren Autoren betrieben, [&hellip;]\" \/>\n<meta property=\"og:url\" content=\"https:\/\/iturria.life\/ru\/nutzungsbedingungen\/\" \/>\n<meta property=\"og:site_name\" content=\"iturria.life\" \/>\n<meta name=\"twitter:card\" content=\"summary_large_image\" \/>\n<meta name=\"twitter:label1\" content=\"Est. reading time\" \/>\n\t<meta name=\"twitter:data1\" content=\"1 minute\" \/>\n<script type=\"application\/ld+json\" class=\"yoast-schema-graph\">{\"@context\":\"https:\/\/schema.org\",\"@graph\":[{\"@type\":\"WebPage\",\"@id\":\"https:\/\/iturria.life\/nutzungsbedingungen\/\",\"url\":\"https:\/\/iturria.life\/nutzungsbedingungen\/\",\"name\":\"Nutzungsbedingungen - iturria.life\",\"isPartOf\":{\"@id\":\"https:\/\/iturria.life\/#website\"},\"datePublished\":\"2025-02-16T20:40:46+00:00\",\"breadcrumb\":{\"@id\":\"https:\/\/iturria.life\/nutzungsbedingungen\/#breadcrumb\"},\"inLanguage\":\"en-US\",\"potentialAction\":[{\"@type\":\"ReadAction\",\"target\":[\"https:\/\/iturria.life\/nutzungsbedingungen\/\"]}]},{\"@type\":\"BreadcrumbList\",\"@id\":\"https:\/\/iturria.life\/nutzungsbedingungen\/#breadcrumb\",\"itemListElement\":[{\"@type\":\"ListItem\",\"position\":1,\"name\":\"Startseite\",\"item\":\"https:\/\/iturria.life\/\"},{\"@type\":\"ListItem\",\"position\":2,\"name\":\"Nutzungsbedingungen\"}]},{\"@type\":\"WebSite\",\"@id\":\"https:\/\/iturria.life\/#website\",\"url\":\"https:\/\/iturria.life\/\",\"name\":\"iturria.life\",\"description\":\"\",\"potentialAction\":[{\"@type\":\"SearchAction\",\"target\":{\"@type\":\"EntryPoint\",\"urlTemplate\":\"https:\/\/iturria.life\/?s={search_term_string}\"},\"query-input\":{\"@type\":\"PropertyValueSpecification\",\"valueRequired\":true,\"valueName\":\"search_term_string\"}}],\"inLanguage\":\"en-US\"}]}<\/script>\n<!-- \/ Yoast SEO plugin. -->","yoast_head_json":{"title":"Nutzungsbedingungen - iturria.life","robots":{"index":"index","follow":"follow","max-snippet":"max-snippet:-1","max-image-preview":"max-image-preview:large","max-video-preview":"max-video-preview:-1"},"canonical":"https:\/\/iturria.life\/ru\/nutzungsbedingungen\/","og_locale":"en_US","og_type":"article","og_title":"Nutzungsbedingungen - iturria.life","og_description":"1. GeltungsbereichDiese Nutzungsbedingungen regeln die Nutzung der Webseite Iturria.life. Mit dem Zugriff auf die Webseite erkl\u00e4ren Sie sich mit diesen Bedingungen einverstanden. Falls Sie diesen nicht zustimmen, ist die Nutzung der Webseite nicht gestattet. 2. Inhalte und VerantwortungDie auf Iturria.life bereitgestellten Inhalte dienen allgemeinen Informationszwecken und spiegeln die Ansichten der jeweiligen Autoren wider. Die Webseite wird von mehreren Autoren betrieben, [&hellip;]","og_url":"https:\/\/iturria.life\/ru\/nutzungsbedingungen\/","og_site_name":"iturria.life","twitter_card":"summary_large_image","twitter_misc":{"Est. reading time":"1 minute"},"schema":{"@context":"https:\/\/schema.org","@graph":[{"@type":"WebPage","@id":"https:\/\/iturria.life\/nutzungsbedingungen\/","url":"https:\/\/iturria.life\/nutzungsbedingungen\/","name":"Nutzungsbedingungen - iturria.life","isPartOf":{"@id":"https:\/\/iturria.life\/#website"},"datePublished":"2025-02-16T20:40:46+00:00","breadcrumb":{"@id":"https:\/\/iturria.life\/nutzungsbedingungen\/#breadcrumb"},"inLanguage":"en-US","potentialAction":[{"@type":"ReadAction","target":["https:\/\/iturria.life\/nutzungsbedingungen\/"]}]},{"@type":"BreadcrumbList","@id":"https:\/\/iturria.life\/nutzungsbedingungen\/#breadcrumb","itemListElement":[{"@type":"ListItem","position":1,"name":"Startseite","item":"https:\/\/iturria.life\/"},{"@type":"ListItem","position":2,"name":"Nutzungsbedingungen"}]},{"@type":"WebSite","@id":"https:\/\/iturria.life\/#website","url":"https:\/\/iturria.life\/","name":"iturria.life","description":"","potentialAction":[{"@type":"SearchAction","target":{"@type":"EntryPoint","urlTemplate":"https:\/\/iturria.life\/?s={search_term_string}"},"query-input":{"@type":"PropertyValueSpecification","valueRequired":true,"valueName":"search_term_string"}}],"inLanguage":"en-US"}]}},"_links":{"self":[{"href":"https:\/\/iturria.life\/ru\/wp-json\/wp\/v2\/pages\/268","targetHints":{"allow":["GET"]}}],"collection":[{"href":"https:\/\/iturria.life\/ru\/wp-json\/wp\/v2\/pages"}],"about":[{"href":"https:\/\/iturria.life\/ru\/wp-json\/wp\/v2\/types\/page"}],"author":[{"embeddable":true,"href":"https:\/\/iturria.life\/ru\/wp-json\/wp\/v2\/users\/1"}],"replies":[{"embeddable":true,"href":"https:\/\/iturria.life\/ru\/wp-json\/wp\/v2\/comments?post=268"}],"version-history":[{"count":1,"href":"https:\/\/iturria.life\/ru\/wp-json\/wp\/v2\/pages\/268\/revisions"}],"predecessor-version":[{"id":269,"href":"https:\/\/iturria.life\/ru\/wp-json\/wp\/v2\/pages\/268\/revisions\/269"}],"wp:attachment":[{"href":"https:\/\/iturria.life\/ru\/wp-json\/wp\/v2\/media?parent=268"}],"curies":[{"name":"wp","href":"https:\/\/api.w.org\/{rel}","templated":true}]}}