{"id":266,"date":"2025-02-16T21:35:10","date_gmt":"2025-02-16T20:35:10","guid":{"rendered":"https:\/\/iturria.life\/?page_id=266"},"modified":"2025-02-16T21:35:11","modified_gmt":"2025-02-16T20:35:11","slug":"impressum","status":"publish","type":"page","link":"https:\/\/iturria.life\/ru\/impressum\/","title":{"rendered":"Impressum"},"content":{"rendered":"\n<p>Angaben gem\u00e4\u00df \u00a7 5 TMG<\/p>\n\n\n\n<p><strong>Witali Weinberger<\/strong><br>Weinberger Services<br>Kinzigweg 7<br>71083 Herrenberg<\/p>\n\n\n\n<p><strong>Kontakt:<\/strong><br>Tel: +49 (7032) 7869668<br>Fax: +49 (7032) 9894989<br>E-Mail: <a>info@weinberger-services.de<\/a><\/p>\n\n\n\n<p><strong>Umsatzsteuer-Identifikationsnummer gem\u00e4\u00df \u00a7 27a UStG:<\/strong><br>DE327113471<\/p>\n\n\n\n<p><strong>Verantwortlich f\u00fcr den Inhalt nach \u00a7 55 Abs. 2 RStV:<\/strong><br>Witali Weinberger<br>Kinzigweg 7<br>71083 Herrenberg<\/p>\n\n\n\n<p><strong>Haftungsausschluss:<\/strong><br>Die Inhalte dieser Webseite wurden mit gr\u00f6\u00dfter Sorgfalt erstellt. F\u00fcr die Richtigkeit, Vollst\u00e4ndigkeit und Aktualit\u00e4t der Inhalte k\u00f6nnen wir jedoch keine Gew\u00e4hr \u00fcbernehmen.<\/p>\n\n\n\n<p><strong>Haftung f\u00fcr Links:<\/strong><br>Unsere Webseite enth\u00e4lt Links zu externen Webseiten Dritter, auf deren Inhalte wir keinen Einfluss haben. Daher k\u00f6nnen wir f\u00fcr diese fremden Inhalte auch keine Gew\u00e4hr \u00fcbernehmen.<\/p>\n\n\n\n<p><strong>Urheberrecht:<\/strong><br>Die auf dieser Webseite erstellten Inhalte und Werke unterliegen dem deutschen Urheberrecht. Die Vervielf\u00e4ltigung, Bearbeitung, Verbreitung und jede Art der Verwertung au\u00dferhalb der Grenzen des Urheberrechts bed\u00fcrfen der schriftlichen Zustimmung des jeweiligen Autors bzw. Erstellers.<\/p>\n","protected":false},"excerpt":{"rendered":"<p>Angaben gem\u00e4\u00df \u00a7 5 TMG Witali WeinbergerWeinberger ServicesKinzigweg 771083 Herrenberg Kontakt:Tel: +49 (7032) 7869668Fax: +49 (7032) 9894989E-Mail: info@weinberger-services.de Umsatzsteuer-Identifikationsnummer gem\u00e4\u00df \u00a7 27a UStG:DE327113471 Verantwortlich f\u00fcr den Inhalt nach \u00a7 55 Abs. 2 RStV:Witali WeinbergerKinzigweg 771083 Herrenberg Haftungsausschluss:Die Inhalte dieser Webseite wurden mit gr\u00f6\u00dfter Sorgfalt erstellt. F\u00fcr die Richtigkeit, Vollst\u00e4ndigkeit und Aktualit\u00e4t der Inhalte k\u00f6nnen wir jedoch keine Gew\u00e4hr \u00fcbernehmen. Haftung [&hellip;]<\/p>\n","protected":false},"author":1,"featured_media":0,"parent":0,"menu_order":0,"comment_status":"closed","ping_status":"closed","template":"","meta":{"_eb_attr":"","footnotes":""},"class_list":["post-266","page","type-page","status-publish","hentry"],"yoast_head":"<!-- This site is optimized with the Yoast SEO plugin v24.5 - https:\/\/yoast.com\/wordpress\/plugins\/seo\/ -->\n<title>Impressum - iturria.life<\/title>\n<meta name=\"robots\" content=\"index, follow, max-snippet:-1, max-image-preview:large, max-video-preview:-1\" \/>\n<link rel=\"canonical\" href=\"https:\/\/iturria.life\/ru\/impressum\/\" \/>\n<meta property=\"og:locale\" content=\"en_US\" \/>\n<meta property=\"og:locale:alternate\" content=\"en_US\" \/>\n<meta property=\"og:locale:alternate\" content=\"de_DE\" \/>\n<meta property=\"og:type\" content=\"article\" \/>\n<meta property=\"og:title\" content=\"Impressum - iturria.life\" \/>\n<meta property=\"og:description\" content=\"Angaben gem\u00e4\u00df \u00a7 5 TMG Witali WeinbergerWeinberger ServicesKinzigweg 771083 Herrenberg Kontakt:Tel: +49 (7032) 7869668Fax: +49 (7032) 9894989E-Mail: info@weinberger-services.de Umsatzsteuer-Identifikationsnummer gem\u00e4\u00df \u00a7 27a UStG:DE327113471 Verantwortlich f\u00fcr den Inhalt nach \u00a7 55 Abs. 2 RStV:Witali WeinbergerKinzigweg 771083 Herrenberg Haftungsausschluss:Die Inhalte dieser Webseite wurden mit gr\u00f6\u00dfter Sorgfalt erstellt. F\u00fcr die Richtigkeit, Vollst\u00e4ndigkeit und Aktualit\u00e4t der Inhalte k\u00f6nnen wir jedoch keine Gew\u00e4hr \u00fcbernehmen. Haftung [&hellip;]\" \/>\n<meta property=\"og:url\" content=\"https:\/\/iturria.life\/ru\/impressum\/\" \/>\n<meta property=\"og:site_name\" content=\"iturria.life\" \/>\n<meta property=\"article:modified_time\" content=\"2025-02-16T20:35:11+00:00\" \/>\n<meta name=\"twitter:card\" content=\"summary_large_image\" \/>\n<meta name=\"twitter:label1\" content=\"Est. reading time\" \/>\n\t<meta name=\"twitter:data1\" content=\"1 minute\" \/>\n<script type=\"application\/ld+json\" class=\"yoast-schema-graph\">{\"@context\":\"https:\/\/schema.org\",\"@graph\":[{\"@type\":\"WebPage\",\"@id\":\"https:\/\/iturria.life\/impressum\/\",\"url\":\"https:\/\/iturria.life\/impressum\/\",\"name\":\"Impressum - iturria.life\",\"isPartOf\":{\"@id\":\"https:\/\/iturria.life\/#website\"},\"datePublished\":\"2025-02-16T20:35:10+00:00\",\"dateModified\":\"2025-02-16T20:35:11+00:00\",\"breadcrumb\":{\"@id\":\"https:\/\/iturria.life\/impressum\/#breadcrumb\"},\"inLanguage\":\"en-US\",\"potentialAction\":[{\"@type\":\"ReadAction\",\"target\":[\"https:\/\/iturria.life\/impressum\/\"]}]},{\"@type\":\"BreadcrumbList\",\"@id\":\"https:\/\/iturria.life\/impressum\/#breadcrumb\",\"itemListElement\":[{\"@type\":\"ListItem\",\"position\":1,\"name\":\"Startseite\",\"item\":\"https:\/\/iturria.life\/\"},{\"@type\":\"ListItem\",\"position\":2,\"name\":\"Impressum\"}]},{\"@type\":\"WebSite\",\"@id\":\"https:\/\/iturria.life\/#website\",\"url\":\"https:\/\/iturria.life\/\",\"name\":\"iturria.life\",\"description\":\"\",\"potentialAction\":[{\"@type\":\"SearchAction\",\"target\":{\"@type\":\"EntryPoint\",\"urlTemplate\":\"https:\/\/iturria.life\/?s={search_term_string}\"},\"query-input\":{\"@type\":\"PropertyValueSpecification\",\"valueRequired\":true,\"valueName\":\"search_term_string\"}}],\"inLanguage\":\"en-US\"}]}<\/script>\n<!-- \/ Yoast SEO plugin. -->","yoast_head_json":{"title":"Impressum - iturria.life","robots":{"index":"index","follow":"follow","max-snippet":"max-snippet:-1","max-image-preview":"max-image-preview:large","max-video-preview":"max-video-preview:-1"},"canonical":"https:\/\/iturria.life\/ru\/impressum\/","og_locale":"en_US","og_type":"article","og_title":"Impressum - iturria.life","og_description":"Angaben gem\u00e4\u00df \u00a7 5 TMG Witali WeinbergerWeinberger ServicesKinzigweg 771083 Herrenberg Kontakt:Tel: +49 (7032) 7869668Fax: +49 (7032) 9894989E-Mail: info@weinberger-services.de Umsatzsteuer-Identifikationsnummer gem\u00e4\u00df \u00a7 27a UStG:DE327113471 Verantwortlich f\u00fcr den Inhalt nach \u00a7 55 Abs. 2 RStV:Witali WeinbergerKinzigweg 771083 Herrenberg Haftungsausschluss:Die Inhalte dieser Webseite wurden mit gr\u00f6\u00dfter Sorgfalt erstellt. F\u00fcr die Richtigkeit, Vollst\u00e4ndigkeit und Aktualit\u00e4t der Inhalte k\u00f6nnen wir jedoch keine Gew\u00e4hr \u00fcbernehmen. Haftung [&hellip;]","og_url":"https:\/\/iturria.life\/ru\/impressum\/","og_site_name":"iturria.life","article_modified_time":"2025-02-16T20:35:11+00:00","twitter_card":"summary_large_image","twitter_misc":{"Est. reading time":"1 minute"},"schema":{"@context":"https:\/\/schema.org","@graph":[{"@type":"WebPage","@id":"https:\/\/iturria.life\/impressum\/","url":"https:\/\/iturria.life\/impressum\/","name":"Impressum - iturria.life","isPartOf":{"@id":"https:\/\/iturria.life\/#website"},"datePublished":"2025-02-16T20:35:10+00:00","dateModified":"2025-02-16T20:35:11+00:00","breadcrumb":{"@id":"https:\/\/iturria.life\/impressum\/#breadcrumb"},"inLanguage":"en-US","potentialAction":[{"@type":"ReadAction","target":["https:\/\/iturria.life\/impressum\/"]}]},{"@type":"BreadcrumbList","@id":"https:\/\/iturria.life\/impressum\/#breadcrumb","itemListElement":[{"@type":"ListItem","position":1,"name":"Startseite","item":"https:\/\/iturria.life\/"},{"@type":"ListItem","position":2,"name":"Impressum"}]},{"@type":"WebSite","@id":"https:\/\/iturria.life\/#website","url":"https:\/\/iturria.life\/","name":"iturria.life","description":"","potentialAction":[{"@type":"SearchAction","target":{"@type":"EntryPoint","urlTemplate":"https:\/\/iturria.life\/?s={search_term_string}"},"query-input":{"@type":"PropertyValueSpecification","valueRequired":true,"valueName":"search_term_string"}}],"inLanguage":"en-US"}]}},"_links":{"self":[{"href":"https:\/\/iturria.life\/ru\/wp-json\/wp\/v2\/pages\/266","targetHints":{"allow":["GET"]}}],"collection":[{"href":"https:\/\/iturria.life\/ru\/wp-json\/wp\/v2\/pages"}],"about":[{"href":"https:\/\/iturria.life\/ru\/wp-json\/wp\/v2\/types\/page"}],"author":[{"embeddable":true,"href":"https:\/\/iturria.life\/ru\/wp-json\/wp\/v2\/users\/1"}],"replies":[{"embeddable":true,"href":"https:\/\/iturria.life\/ru\/wp-json\/wp\/v2\/comments?post=266"}],"version-history":[{"count":1,"href":"https:\/\/iturria.life\/ru\/wp-json\/wp\/v2\/pages\/266\/revisions"}],"predecessor-version":[{"id":267,"href":"https:\/\/iturria.life\/ru\/wp-json\/wp\/v2\/pages\/266\/revisions\/267"}],"wp:attachment":[{"href":"https:\/\/iturria.life\/ru\/wp-json\/wp\/v2\/media?parent=266"}],"curies":[{"name":"wp","href":"https:\/\/api.w.org\/{rel}","templated":true}]}}